{"id":2,"date":"2016-09-22T16:15:33","date_gmt":"2016-09-22T22:15:33","guid":{"rendered":"http:\/\/micro-tunel.com\/?page_id=2"},"modified":"2018-11-08T11:25:27","modified_gmt":"2018-11-08T17:25:27","slug":"micro-tunel-la-forma-adecuada-proteger-las-hortalizas","status":"publish","type":"page","link":"https:\/\/micro-tunel.com\/","title":{"rendered":"Micro-t\u00fanel: protege tus cultivos de hortalizas."},"content":{"rendered":"<h1><em><strong>\u00bfQue es el micro-t\u00fanel?<\/strong><\/em><\/h1>\n<p>El micro-t\u00fanel se agrupa en una categor\u00eda agr\u00edcola al que se le llaman cultivos protegidos; esta definici\u00f3n se caracteriza por el uso de soportes o estructuras que impiden que las condiciones del exterior no afecten a los cultivos que est\u00e1n protegidos.<\/p>\n<p>El PROP\u00d3SITO de los micro t\u00faneles es minimizar o eliminar las heladas temperaturas que ocurren durante el invierno sin la necesidad de construir ostentosas casas invernaderos. Para hacer la base del micro t\u00fanel se pueden usar diversos materiales como son alambres, varillas, alambr\u00f3n o madera. Su forma puede ser en forma de<strong><span style=\"color: #99cc00;\"><a style=\"color: #99cc00;\" href=\"https:\/\/es.wikipedia.org\/wiki\/Arco\" target=\"_blank\" rel=\"noopener\"> arco<\/a><\/span><\/strong>, rectangular o piramidal. Pero la piedra angular (lo principal) del micro t\u00fanel es la tela con la que va a ser cubierta la estructura.<\/p>\n<figure id=\"attachment_20\" aria-describedby=\"caption-attachment-20\" style=\"width: 300px\" class=\"wp-caption aligncenter\"><img loading=\"lazy\" decoding=\"async\" class=\"wp-image-20 size-medium\" src=\"https:\/\/micro-tunel.com\/wp-content\/uploads\/2016\/09\/cultivos_protegidos1-300x293.jpg\" alt=\"micro-t\u00fanel para hortalizas\" width=\"300\" height=\"293\" srcset=\"https:\/\/micro-tunel.com\/wp-content\/uploads\/2016\/09\/cultivos_protegidos1-300x293.jpg 300w, https:\/\/micro-tunel.com\/wp-content\/uploads\/2016\/09\/cultivos_protegidos1.jpg 413w\" sizes=\"auto, (max-width: 300px) 100vw, 300px\" \/><figcaption id=\"caption-attachment-20\" class=\"wp-caption-text\">Los cultivos protegidos son una buena idea para evitar las condiciones clim\u00e1ticas extremas y aumentar las ganancias de las cosechas.<\/figcaption><\/figure>\n<h3>QUE MATERIAL SE USA PARA FORRAS LOS MICROTUNELES<\/h3>\n<p>La tela con la que se cubre el micro t\u00fanel se llama INVERNAVELO. <span style=\"color: #99cc00;\"><strong><a style=\"color: #99cc00;\" href=\"https:\/\/invernavelo.com\/2016\/10\/13\/manta-termica-invernavelo\/\" target=\"_blank\" rel=\"noopener\">La INVERNAVELO act\u00faa como una manta t\u00e9rmica<\/a><\/strong><\/span>. Esta tela es un<span style=\"color: #000000;\"> tejido no tejido.\u00a0\u00bfqu\u00e9 quiere decir esto? es una malla que por sus procesos de fabricaci\u00f3n qu\u00edmicos muy costosos<\/span>. No est\u00e1 hecho con ning\u00fan hilo cocido entre s\u00ed. Esto quiere decir que la tela no se deshilacha ni se rompe porque toda la tela sale en una sola pieza de la f\u00e1brica.<\/p>\n<figure id=\"attachment_43\" aria-describedby=\"caption-attachment-43\" style=\"width: 300px\" class=\"wp-caption aligncenter\"><img loading=\"lazy\" decoding=\"async\" class=\"wp-image-43 size-medium\" src=\"https:\/\/micro-tunel.com\/wp-content\/uploads\/2017\/12\/microtunel_cultivo-300x194.jpg\" alt=\"Tela para microtunel\" width=\"300\" height=\"194\" srcset=\"https:\/\/micro-tunel.com\/wp-content\/uploads\/2017\/12\/microtunel_cultivo-300x194.jpg 300w, https:\/\/micro-tunel.com\/wp-content\/uploads\/2017\/12\/microtunel_cultivo.jpg 550w\" sizes=\"auto, (max-width: 300px) 100vw, 300px\" \/><figcaption id=\"caption-attachment-43\" class=\"wp-caption-text\">La tela invernavelo es el tejido para hacer micro t\u00faneles mas eficaz.<\/figcaption><\/figure>\n<p>Invernavelo est\u00e1 hecho con polipropileno, este material es muy resistente adem\u00e1s de poseer propiedades t\u00e9rmicas. Su calidez y su capacidad de impedir el paso de las bajas temperaturas al interior al t\u00fanel esto es debido al material con el que est\u00e1 fabricado el tejido no tejido.<\/p>\n<figure id=\"attachment_22\" aria-describedby=\"caption-attachment-22\" style=\"width: 300px\" class=\"wp-caption aligncenter\"><img loading=\"lazy\" decoding=\"async\" class=\"wp-image-22 size-medium\" src=\"https:\/\/micro-tunel.com\/wp-content\/uploads\/2016\/09\/las_hortalizas_como_las_usadas_en_las_ensaladas_son_las_mas_vulnerables_a_las_heladas1-300x288.jpg\" alt=\"malla anti heladas en hortalizas\" width=\"300\" height=\"288\" srcset=\"https:\/\/micro-tunel.com\/wp-content\/uploads\/2016\/09\/las_hortalizas_como_las_usadas_en_las_ensaladas_son_las_mas_vulnerables_a_las_heladas1-300x288.jpg 300w, https:\/\/micro-tunel.com\/wp-content\/uploads\/2016\/09\/las_hortalizas_como_las_usadas_en_las_ensaladas_son_las_mas_vulnerables_a_las_heladas1.jpg 414w\" sizes=\"auto, (max-width: 300px) 100vw, 300px\" \/><figcaption id=\"caption-attachment-22\" class=\"wp-caption-text\">Las lechugas o repollos son las mas vulnerables a las heladas.<\/figcaption><\/figure>\n<p>El invernavelo se aplica en ciertas etapas del crecimiento de algunas hortalizas para garantizar que las pl\u00e1ntulas puedan SOBREVIVIR en esta etapa tan vulnerable de su vida. Tambi\u00e9n se coloca en las hortalizas como las lechugas, acelgas y el repollo. Ademas en otras hortalizas que se usan para las ENSALADAS.<\/p>\n<h4>QUE OTRAS FUNCIONES TIENE LA MANTA T\u00c9RMICA<\/h4>\n<p><strong><span style=\"color: #99cc00;\"><a style=\"color: #99cc00;\" href=\"https:\/\/tela-agricola.com\/la-tela-agricola-sus-beneficios-en-los-cultivos\/\" target=\"_blank\" rel=\"noopener\">La tela agr\u00edcola adem\u00e1s de ofrecer sus beneficios a los cultivos<\/a><\/span><\/strong> es tambi\u00e9n un muy buen rompe vientos. Se ha descrito que la acci\u00f3n de los fuertes vientos perjudica las estructuras de las plantas provocando estr\u00e9s mec\u00e1nico en ellas. El estr\u00e9s mec\u00e1nico en las plantas provoca que pierda la eficiencia de producci\u00f3n que hab\u00eda logrado hasta antes del estr\u00e9s mec\u00e1nico.<\/p>\n<p>Malla sombra y malla t\u00e9rmica, estas dos mallas juntas son DINAMITA. La fusi\u00f3n de estas dos mallas favorece en situaciones extremas; la malla sombra se usa en lugares donde el calor se eleva demasiado al medio d\u00eda y as\u00ed proteger a los cultivos del exceso de los rayos solares y las bajas temperaturas que descienden por las noches.<\/p>\n<figure id=\"attachment_39\" aria-describedby=\"caption-attachment-39\" style=\"width: 300px\" class=\"wp-caption aligncenter\"><a href=\"https:\/\/tela-agricola.com\/la-tela-agricola-sus-beneficios-en-los-cultivos\/\" target=\"_blank\" rel=\"noopener\"><img loading=\"lazy\" decoding=\"async\" class=\"wp-image-39 size-medium\" src=\"https:\/\/micro-tunel.com\/wp-content\/uploads\/2017\/12\/invernadero_microtunel-300x173.jpg\" alt=\"micro t\u00fanel con INVERNAVELO\" width=\"300\" height=\"173\" srcset=\"https:\/\/micro-tunel.com\/wp-content\/uploads\/2017\/12\/invernadero_microtunel-300x173.jpg 300w, https:\/\/micro-tunel.com\/wp-content\/uploads\/2017\/12\/invernadero_microtunel.jpg 494w\" sizes=\"auto, (max-width: 300px) 100vw, 300px\" \/><\/a><figcaption id=\"caption-attachment-39\" class=\"wp-caption-text\">El invernavelo se aplica en ciertas etapas del crecimiento de algunas hortalizas para garantizar que las pl\u00e1ntulas puedan SOBREVIVIR.<\/figcaption><\/figure>\n<h5>DONDE PUEDO COMPRAR LA MALLA INVERNAVELO<\/h5>\n<p>Las medidas de la manta t\u00e9rmica son variadas, las puede encontrar de 1.80, 2.4 y 4 metros de ancho. <span style=\"color: #99cc00;\"><strong><a style=\"color: #99cc00;\" href=\"https:\/\/www.hortomallas.com\/contactenos\/\" target=\"_blank\" rel=\"noopener\">Si desea conocer m\u00e1s sobre la manta t\u00e9rmica ingrese a est\u00e1 liga e ingrese sus datos<\/a><\/strong><\/span>.\u00a0Descubra m\u00e1s beneficios de los productos de Hortomallas. Otros productos de esta empresa son la malla tutora, malla espaldera, malla pajarera, malla para flores.<\/p>\n<p><img loading=\"lazy\" decoding=\"async\" class=\"alignnone wp-image-79 size-full\" src=\"https:\/\/micro-tunel.com\/wp-content\/uploads\/2018\/01\/micro-tunel.com-invernavelo.jpg\" alt=\"informaci\u00f3n de contacto de invernavelo\" width=\"700\" height=\"500\" srcset=\"https:\/\/micro-tunel.com\/wp-content\/uploads\/2018\/01\/micro-tunel.com-invernavelo.jpg 700w, https:\/\/micro-tunel.com\/wp-content\/uploads\/2018\/01\/micro-tunel.com-invernavelo-300x214.jpg 300w\" sizes=\"auto, (max-width: 700px) 100vw, 700px\" \/><\/p>\n","protected":false},"excerpt":{"rendered":"<p>\u00bfQue es el micro-t\u00fanel? El micro-t\u00fanel se agrupa en una categor\u00eda agr\u00edcola al que se le llaman cultivos protegidos; esta definici\u00f3n se caracteriza por el uso de soportes o estructuras que impiden que las condiciones del exterior no afecten a los cultivos que est\u00e1n protegidos. El PROP\u00d3SITO de los micro t\u00faneles es minimizar o eliminar &hellip; <\/p>\n","protected":false},"author":1,"featured_media":0,"parent":0,"menu_order":0,"comment_status":"closed","ping_status":"open","template":"","meta":{"footnotes":""},"class_list":["post-2","page","type-page","status-publish","hentry"],"yoast_head":"<!-- This site is optimized with the Yoast SEO plugin v26.2 - https:\/\/yoast.com\/wordpress\/plugins\/seo\/ -->\n<title>Micro-t\u00fanel: protege tus cultivos de hortalizas. - Micro Tunel<\/title>\n<meta name=\"description\" content=\"El micro-t\u00fanel se agrupa en una categor\u00eda agr\u00edcola al que se le llaman cultivos protegidos; esta definici\u00f3n se caracteriza por el uso de estructuras..\" \/>\n<meta name=\"robots\" content=\"index, follow, max-snippet:-1, max-image-preview:large, max-video-preview:-1\" \/>\n<link rel=\"canonical\" href=\"https:\/\/micro-tunel.com\/\" \/>\n<meta property=\"og:locale\" content=\"es_MX\" \/>\n<meta property=\"og:type\" content=\"article\" \/>\n<meta property=\"og:title\" content=\"Micro-t\u00fanel: protege tus cultivos de hortalizas. - Micro Tunel\" \/>\n<meta property=\"og:description\" content=\"El micro-t\u00fanel se agrupa en una categor\u00eda agr\u00edcola al que se le llaman cultivos protegidos; esta definici\u00f3n se caracteriza por el uso de estructuras..\" \/>\n<meta property=\"og:url\" content=\"https:\/\/micro-tunel.com\/\" \/>\n<meta property=\"og:site_name\" content=\"Micro Tunel\" \/>\n<meta property=\"article:modified_time\" content=\"2018-11-08T17:25:27+00:00\" \/>\n<meta property=\"og:image\" content=\"https:\/\/micro-tunel.com\/wp-content\/uploads\/2016\/09\/cultivos_protegidos1-300x293.jpg\" \/>\n<meta name=\"twitter:card\" content=\"summary_large_image\" \/>\n<meta name=\"twitter:label1\" content=\"Tiempo de lectura\" \/>\n\t<meta name=\"twitter:data1\" content=\"3 minutos\" \/>\n<script type=\"application\/ld+json\" class=\"yoast-schema-graph\">{\"@context\":\"https:\/\/schema.org\",\"@graph\":[{\"@type\":\"WebPage\",\"@id\":\"https:\/\/micro-tunel.com\/\",\"url\":\"https:\/\/micro-tunel.com\/\",\"name\":\"Micro-t\u00fanel: protege tus cultivos de hortalizas. - Micro Tunel\",\"isPartOf\":{\"@id\":\"https:\/\/micro-tunel.com\/#website\"},\"primaryImageOfPage\":{\"@id\":\"https:\/\/micro-tunel.com\/#primaryimage\"},\"image\":{\"@id\":\"https:\/\/micro-tunel.com\/#primaryimage\"},\"thumbnailUrl\":\"https:\/\/micro-tunel.com\/wp-content\/uploads\/2016\/09\/cultivos_protegidos1-300x293.jpg\",\"datePublished\":\"2016-09-22T22:15:33+00:00\",\"dateModified\":\"2018-11-08T17:25:27+00:00\",\"description\":\"El micro-t\u00fanel se agrupa en una categor\u00eda agr\u00edcola al que se le llaman cultivos protegidos; esta definici\u00f3n se caracteriza por el uso de estructuras..\",\"breadcrumb\":{\"@id\":\"https:\/\/micro-tunel.com\/#breadcrumb\"},\"inLanguage\":\"es\",\"potentialAction\":[{\"@type\":\"ReadAction\",\"target\":[\"https:\/\/micro-tunel.com\/\"]}]},{\"@type\":\"ImageObject\",\"inLanguage\":\"es\",\"@id\":\"https:\/\/micro-tunel.com\/#primaryimage\",\"url\":\"https:\/\/micro-tunel.com\/wp-content\/uploads\/2016\/09\/cultivos_protegidos1.jpg\",\"contentUrl\":\"https:\/\/micro-tunel.com\/wp-content\/uploads\/2016\/09\/cultivos_protegidos1.jpg\",\"width\":413,\"height\":403,\"caption\":\"Los cultivos protegidos son una buena idea para evitar las condiciones clim\u00e1ticas. extremas\"},{\"@type\":\"BreadcrumbList\",\"@id\":\"https:\/\/micro-tunel.com\/#breadcrumb\",\"itemListElement\":[{\"@type\":\"ListItem\",\"position\":1,\"name\":\"Inicio\",\"item\":\"https:\/\/micro-tunel.com\/\"},{\"@type\":\"ListItem\",\"position\":2,\"name\":\"Micro-t\u00fanel: protege tus cultivos de hortalizas.\"}]},{\"@type\":\"WebSite\",\"@id\":\"https:\/\/micro-tunel.com\/#website\",\"url\":\"https:\/\/micro-tunel.com\/\",\"name\":\"Micro Tunel\",\"description\":\"La mejor manera de tener un Cultivo Protegido\",\"publisher\":{\"@id\":\"https:\/\/micro-tunel.com\/#organization\"},\"potentialAction\":[{\"@type\":\"SearchAction\",\"target\":{\"@type\":\"EntryPoint\",\"urlTemplate\":\"https:\/\/micro-tunel.com\/?s={search_term_string}\"},\"query-input\":{\"@type\":\"PropertyValueSpecification\",\"valueRequired\":true,\"valueName\":\"search_term_string\"}}],\"inLanguage\":\"es\"},{\"@type\":\"Organization\",\"@id\":\"https:\/\/micro-tunel.com\/#organization\",\"name\":\"Micro Tunel\",\"url\":\"https:\/\/micro-tunel.com\/\",\"logo\":{\"@type\":\"ImageObject\",\"inLanguage\":\"es\",\"@id\":\"https:\/\/micro-tunel.com\/#\/schema\/logo\/image\/\",\"url\":\"https:\/\/micro-tunel.com\/wp-content\/uploads\/2023\/04\/cropped-INVERNAVELO-fondo-blanco.png\",\"contentUrl\":\"https:\/\/micro-tunel.com\/wp-content\/uploads\/2023\/04\/cropped-INVERNAVELO-fondo-blanco.png\",\"width\":606,\"height\":250,\"caption\":\"Micro Tunel\"},\"image\":{\"@id\":\"https:\/\/micro-tunel.com\/#\/schema\/logo\/image\/\"}}]}<\/script>\n<!-- \/ Yoast SEO plugin. -->","yoast_head_json":{"title":"Micro-t\u00fanel: protege tus cultivos de hortalizas. - Micro Tunel","description":"El micro-t\u00fanel se agrupa en una categor\u00eda agr\u00edcola al que se le llaman cultivos protegidos; esta definici\u00f3n se caracteriza por el uso de estructuras..","robots":{"index":"index","follow":"follow","max-snippet":"max-snippet:-1","max-image-preview":"max-image-preview:large","max-video-preview":"max-video-preview:-1"},"canonical":"https:\/\/micro-tunel.com\/","og_locale":"es_MX","og_type":"article","og_title":"Micro-t\u00fanel: protege tus cultivos de hortalizas. - Micro Tunel","og_description":"El micro-t\u00fanel se agrupa en una categor\u00eda agr\u00edcola al que se le llaman cultivos protegidos; esta definici\u00f3n se caracteriza por el uso de estructuras..","og_url":"https:\/\/micro-tunel.com\/","og_site_name":"Micro Tunel","article_modified_time":"2018-11-08T17:25:27+00:00","og_image":[{"url":"https:\/\/micro-tunel.com\/wp-content\/uploads\/2016\/09\/cultivos_protegidos1-300x293.jpg","type":"","width":"","height":""}],"twitter_card":"summary_large_image","twitter_misc":{"Tiempo de lectura":"3 minutos"},"schema":{"@context":"https:\/\/schema.org","@graph":[{"@type":"WebPage","@id":"https:\/\/micro-tunel.com\/","url":"https:\/\/micro-tunel.com\/","name":"Micro-t\u00fanel: protege tus cultivos de hortalizas. - Micro Tunel","isPartOf":{"@id":"https:\/\/micro-tunel.com\/#website"},"primaryImageOfPage":{"@id":"https:\/\/micro-tunel.com\/#primaryimage"},"image":{"@id":"https:\/\/micro-tunel.com\/#primaryimage"},"thumbnailUrl":"https:\/\/micro-tunel.com\/wp-content\/uploads\/2016\/09\/cultivos_protegidos1-300x293.jpg","datePublished":"2016-09-22T22:15:33+00:00","dateModified":"2018-11-08T17:25:27+00:00","description":"El micro-t\u00fanel se agrupa en una categor\u00eda agr\u00edcola al que se le llaman cultivos protegidos; esta definici\u00f3n se caracteriza por el uso de estructuras..","breadcrumb":{"@id":"https:\/\/micro-tunel.com\/#breadcrumb"},"inLanguage":"es","potentialAction":[{"@type":"ReadAction","target":["https:\/\/micro-tunel.com\/"]}]},{"@type":"ImageObject","inLanguage":"es","@id":"https:\/\/micro-tunel.com\/#primaryimage","url":"https:\/\/micro-tunel.com\/wp-content\/uploads\/2016\/09\/cultivos_protegidos1.jpg","contentUrl":"https:\/\/micro-tunel.com\/wp-content\/uploads\/2016\/09\/cultivos_protegidos1.jpg","width":413,"height":403,"caption":"Los cultivos protegidos son una buena idea para evitar las condiciones clim\u00e1ticas. extremas"},{"@type":"BreadcrumbList","@id":"https:\/\/micro-tunel.com\/#breadcrumb","itemListElement":[{"@type":"ListItem","position":1,"name":"Inicio","item":"https:\/\/micro-tunel.com\/"},{"@type":"ListItem","position":2,"name":"Micro-t\u00fanel: protege tus cultivos de hortalizas."}]},{"@type":"WebSite","@id":"https:\/\/micro-tunel.com\/#website","url":"https:\/\/micro-tunel.com\/","name":"Micro Tunel","description":"La mejor manera de tener un Cultivo Protegido","publisher":{"@id":"https:\/\/micro-tunel.com\/#organization"},"potentialAction":[{"@type":"SearchAction","target":{"@type":"EntryPoint","urlTemplate":"https:\/\/micro-tunel.com\/?s={search_term_string}"},"query-input":{"@type":"PropertyValueSpecification","valueRequired":true,"valueName":"search_term_string"}}],"inLanguage":"es"},{"@type":"Organization","@id":"https:\/\/micro-tunel.com\/#organization","name":"Micro Tunel","url":"https:\/\/micro-tunel.com\/","logo":{"@type":"ImageObject","inLanguage":"es","@id":"https:\/\/micro-tunel.com\/#\/schema\/logo\/image\/","url":"https:\/\/micro-tunel.com\/wp-content\/uploads\/2023\/04\/cropped-INVERNAVELO-fondo-blanco.png","contentUrl":"https:\/\/micro-tunel.com\/wp-content\/uploads\/2023\/04\/cropped-INVERNAVELO-fondo-blanco.png","width":606,"height":250,"caption":"Micro Tunel"},"image":{"@id":"https:\/\/micro-tunel.com\/#\/schema\/logo\/image\/"}}]}},"_links":{"self":[{"href":"https:\/\/micro-tunel.com\/index.php\/wp-json\/wp\/v2\/pages\/2","targetHints":{"allow":["GET"]}}],"collection":[{"href":"https:\/\/micro-tunel.com\/index.php\/wp-json\/wp\/v2\/pages"}],"about":[{"href":"https:\/\/micro-tunel.com\/index.php\/wp-json\/wp\/v2\/types\/page"}],"author":[{"embeddable":true,"href":"https:\/\/micro-tunel.com\/index.php\/wp-json\/wp\/v2\/users\/1"}],"replies":[{"embeddable":true,"href":"https:\/\/micro-tunel.com\/index.php\/wp-json\/wp\/v2\/comments?post=2"}],"version-history":[{"count":38,"href":"https:\/\/micro-tunel.com\/index.php\/wp-json\/wp\/v2\/pages\/2\/revisions"}],"predecessor-version":[{"id":98,"href":"https:\/\/micro-tunel.com\/index.php\/wp-json\/wp\/v2\/pages\/2\/revisions\/98"}],"wp:attachment":[{"href":"https:\/\/micro-tunel.com\/index.php\/wp-json\/wp\/v2\/media?parent=2"}],"curies":[{"name":"wp","href":"https:\/\/api.w.org\/{rel}","templated":true}]}}